{"id":887,"date":"2012-05-29T13:49:25","date_gmt":"2012-05-29T11:49:25","guid":{"rendered":"http:\/\/www.la-boutique-ephemere.com\/?page_id=887"},"modified":"2022-06-01T14:23:04","modified_gmt":"2022-06-01T12:23:04","slug":"about-2","status":"publish","type":"page","link":"https:\/\/ephemere.marthelazarus.com\/?page_id=887","title":{"rendered":"About &#8211; Contact"},"content":{"rendered":"<p>[vc_row css_animation=\u00a0\u00bb\u00a0\u00bb row_type=\u00a0\u00bbrow\u00a0\u00bb use_row_as_full_screen_section=\u00a0\u00bbno\u00a0\u00bb type=\u00a0\u00bbfull_width\u00a0\u00bb angled_section=\u00a0\u00bbno\u00a0\u00bb text_align=\u00a0\u00bbleft\u00a0\u00bb background_image_as_pattern=\u00a0\u00bbwithout_pattern\u00a0\u00bb][vc_column][vc_column_text el_class=\u00a0\u00bbayuthaya\u00a0\u00bb]<\/p>\n<h2 style=\"text-align: center;\"><span style=\"color: #000000;\"><a href=\"https:\/\/lookfindlove.com\/\">\/\/\/\/\u00a0 RETROUVEZ-NOUS<\/a><br \/>\n<a href=\"https:\/\/lookfindlove.com\/\">SUR LOOK FIND LOVE.COM\u00a0 \/\/\/\/<\/a><br \/>\n<\/span><\/h2>\n<p>[\/vc_column_text][vc_single_image image=\u00a0\u00bb20565&Prime; img_size=\u00a0\u00bblarge\u00a0\u00bb alignment=\u00a0\u00bbcenter\u00a0\u00bb onclick=\u00a0\u00bbcustom_link\u00a0\u00bb qode_css_animation=\u00a0\u00bb\u00a0\u00bb link=\u00a0\u00bbhttps:\/\/lookfindlove.com\/\u00a0\u00bb][vc_column_text el_class=\u00a0\u00bbayuthaya\u00a0\u00bb]<span style=\"color: #000000;\">Look Find Love est la nouvelle formule de La Boutique Eph\u00e9m\u00e8re # cr\u00e9\u00e9e et organis\u00e9e par Marthe Lazarus depuis 2011.<\/span><\/p>\n<p style=\"text-align: center;\"><span style=\"color: #000000;\">\u00a0<\/span><\/p>\n<p style=\"text-align: center;\"><span style=\"color: #000000;\">+++<\/span><\/p>\n<p>[\/vc_column_text][vc_column_text el_class=\u00a0\u00bbayuthaya\u00a0\u00bb]En 2021, nous avons cr\u00e9\u00e9 <a href=\"http:\/\/www.lookfindlove.com\">LOOK FIND LOVE<\/a> notre toute nouvelle plateforme de curation pour organiser des ventes \u00e9ph\u00e9m\u00e8res digitales et physiques pour les cr\u00e9ateurs et les artisans. <a href=\"http:\/\/www.lookfindlove.com\">LOOK FIND LOVE !<\/a><\/p>\n<p style=\"text-align: center;\">_<\/p>\n<p>[\/vc_column_text][\/vc_column][\/vc_row]<\/p>\n","protected":false},"excerpt":{"rendered":"<p>[vc_row css_animation=\u00a0\u00bb\u00a0\u00bb row_type=\u00a0\u00bbrow\u00a0\u00bb use_row_as_full_screen_section=\u00a0\u00bbno\u00a0\u00bb type=\u00a0\u00bbfull_width\u00a0\u00bb angled_section=\u00a0\u00bbno\u00a0\u00bb text_align=\u00a0\u00bbleft\u00a0\u00bb background_image_as_pattern=\u00a0\u00bbwithout_pattern\u00a0\u00bb][vc_column][vc_column_text el_class=\u00a0\u00bbayuthaya\u00a0\u00bb] \/\/\/\/\u00a0 RETROUVEZ-NOUS SUR LOOK FIND LOVE.COM\u00a0 \/\/\/\/ [\/vc_column_text][vc_single_image image=\u00a0\u00bb20565&Prime; img_size=\u00a0\u00bblarge\u00a0\u00bb alignment=\u00a0\u00bbcenter\u00a0\u00bb onclick=\u00a0\u00bbcustom_link\u00a0\u00bb qode_css_animation=\u00a0\u00bb\u00a0\u00bb link=\u00a0\u00bbhttps:\/\/lookfindlove.com\/\u00a0\u00bb][vc_column_text el_class=\u00a0\u00bbayuthaya\u00a0\u00bb]Look Find Love est la nouvelle formule de La Boutique Eph\u00e9m\u00e8re # cr\u00e9\u00e9e et organis\u00e9e par Marthe Lazarus depuis 2011. \u00a0 +++&#8230;<\/p>\n","protected":false},"author":1,"featured_media":0,"parent":0,"menu_order":0,"comment_status":"closed","ping_status":"open","template":"","meta":[],"categories":[],"tags":[],"_links":{"self":[{"href":"https:\/\/ephemere.marthelazarus.com\/index.php?rest_route=\/wp\/v2\/pages\/887"}],"collection":[{"href":"https:\/\/ephemere.marthelazarus.com\/index.php?rest_route=\/wp\/v2\/pages"}],"about":[{"href":"https:\/\/ephemere.marthelazarus.com\/index.php?rest_route=\/wp\/v2\/types\/page"}],"author":[{"embeddable":true,"href":"https:\/\/ephemere.marthelazarus.com\/index.php?rest_route=\/wp\/v2\/users\/1"}],"replies":[{"embeddable":true,"href":"https:\/\/ephemere.marthelazarus.com\/index.php?rest_route=%2Fwp%2Fv2%2Fcomments&post=887"}],"version-history":[{"count":87,"href":"https:\/\/ephemere.marthelazarus.com\/index.php?rest_route=\/wp\/v2\/pages\/887\/revisions"}],"predecessor-version":[{"id":20574,"href":"https:\/\/ephemere.marthelazarus.com\/index.php?rest_route=\/wp\/v2\/pages\/887\/revisions\/20574"}],"wp:attachment":[{"href":"https:\/\/ephemere.marthelazarus.com\/index.php?rest_route=%2Fwp%2Fv2%2Fmedia&parent=887"}],"wp:term":[{"taxonomy":"category","embeddable":true,"href":"https:\/\/ephemere.marthelazarus.com\/index.php?rest_route=%2Fwp%2Fv2%2Fcategories&post=887"},{"taxonomy":"post_tag","embeddable":true,"href":"https:\/\/ephemere.marthelazarus.com\/index.php?rest_route=%2Fwp%2Fv2%2Ftags&post=887"}],"curies":[{"name":"wp","href":"https:\/\/api.w.org\/{rel}","templated":true}]}}