{"id":2924,"date":"2015-02-02T14:59:51","date_gmt":"2015-02-02T13:59:51","guid":{"rendered":"http:\/\/www.la-boutique-ephemere.com\/?page_id=2924"},"modified":"2022-06-01T16:59:01","modified_gmt":"2022-06-01T14:59:01","slug":"archives","status":"publish","type":"page","link":"https:\/\/ephemere.marthelazarus.com\/?page_id=2924","title":{"rendered":"ANCIENNES VENTES"},"content":{"rendered":"<p>[vc_row css_animation=\u00a0\u00bb\u00a0\u00bb row_type=\u00a0\u00bbrow\u00a0\u00bb use_row_as_full_screen_section=\u00a0\u00bbno\u00a0\u00bb type=\u00a0\u00bbfull_width\u00a0\u00bb angled_section=\u00a0\u00bbno\u00a0\u00bb text_align=\u00a0\u00bbleft\u00a0\u00bb background_image_as_pattern=\u00a0\u00bbwithout_pattern\u00a0\u00bb][vc_column][vc_column_text css=\u00a0\u00bb.vc_custom_1641352231585{background-color: #ddbe90 !important;}\u00a0\u00bb]<\/p>\n<h1 style=\"text-align: center;\">#<\/h1>\n<h2 style=\"text-align: center;\">VENTES PHYSIQUES DE LA BOUTIQUE \u00c9PH\u00c9M\u00c8RE #<\/h2>\n<p style=\"text-align: center;\">\u00a0Retrouvez les cr\u00e9ateurs qui ont particip\u00e9 \u00e0 nos \u00e9v\u00e8nements depuis 2011 \u00e0 Paris, dans le Marais.<\/p>\n<p>[\/vc_column_text][\/vc_column][\/vc_row][vc_row css_animation=\u00a0\u00bb\u00a0\u00bb row_type=\u00a0\u00bbrow\u00a0\u00bb use_row_as_full_screen_section=\u00a0\u00bbno\u00a0\u00bb type=\u00a0\u00bbfull_width\u00a0\u00bb angled_section=\u00a0\u00bbno\u00a0\u00bb text_align=\u00a0\u00bbleft\u00a0\u00bb background_image_as_pattern=\u00a0\u00bbwithout_pattern\u00a0\u00bb][vc_column][vc_empty_space][\/vc_column][\/vc_row][vc_row css_animation=\u00a0\u00bb\u00a0\u00bb row_type=\u00a0\u00bbrow\u00a0\u00bb use_row_as_full_screen_section=\u00a0\u00bbno\u00a0\u00bb type=\u00a0\u00bbfull_width\u00a0\u00bb angled_section=\u00a0\u00bbno\u00a0\u00bb text_align=\u00a0\u00bbleft\u00a0\u00bb background_image_as_pattern=\u00a0\u00bbwithout_pattern\u00a0\u00bb][vc_column][vc_empty_space][\/vc_column][\/vc_row][vc_row css_animation=\u00a0\u00bb\u00a0\u00bb row_type=\u00a0\u00bbrow\u00a0\u00bb use_row_as_full_screen_section=\u00a0\u00bbno\u00a0\u00bb type=\u00a0\u00bbfull_width\u00a0\u00bb angled_section=\u00a0\u00bbno\u00a0\u00bb text_align=\u00a0\u00bbleft\u00a0\u00bb background_image_as_pattern=\u00a0\u00bbwithout_pattern\u00a0\u00bb][vc_column][vc_row_inner row_type=\u00a0\u00bbrow\u00a0\u00bb type=\u00a0\u00bbfull_width\u00a0\u00bb text_align=\u00a0\u00bbleft\u00a0\u00bb css_animation=\u00a0\u00bb\u00a0\u00bb css=\u00a0\u00bb.vc_custom_1641352158243{background-color: #ddbe90 !important;}\u00a0\u00bb][vc_column_inner][vc_column_text]<\/p>\n<p style=\"text-align: center;\"><span style=\"color: #000000;\">\u00a0<\/span><\/p>\n<p style=\"text-align: center;\"><span style=\"color: #000000;\">_<\/span><\/p>\n<p style=\"text-align: center;\"><a href=\"http:\/\/www.la-boutique-ephemere.com\/archives2018\/\"><span style=\"color: #000000;\">&lt;&lt; 2018-2019<\/span><\/a><\/p>\n<p style=\"text-align: center;\"><span style=\"color: #000000;\">_<\/span><\/p>\n<p style=\"text-align: center;\"><a href=\"http:\/\/www.la-boutique-ephemere.com\/archives-2017\/\"><span style=\"color: #000000;\">&lt;&lt; 2017<\/span><\/a><\/p>\n<p style=\"text-align: center;\"><span style=\"color: #000000;\">_<\/span><\/p>\n<p style=\"text-align: center;\"><a href=\"http:\/\/www.la-boutique-ephemere.com\/2016-2\/\"><span style=\"color: #000000;\">&lt;&lt; 2016<\/span><\/a><\/p>\n<p style=\"text-align: center;\"><span style=\"color: #000000;\">_<\/span><\/p>\n<p style=\"text-align: center;\"><a href=\"http:\/\/www.la-boutique-ephemere.com\/2015-2\/\"><span style=\"color: #000000;\">&lt;&lt; 2015<\/span><\/a><\/p>\n<p style=\"text-align: center;\"><span style=\"color: #000000;\">_<\/span><\/p>\n<p style=\"text-align: center;\"><a href=\"http:\/\/www.la-boutique-ephemere.com\/2014-2\/\"><span style=\"color: #000000;\">&lt;&lt; 2014<\/span><\/a><\/p>\n<p style=\"text-align: center;\"><span style=\"color: #000000;\">_<\/span><\/p>\n<p style=\"text-align: center;\"><a href=\"http:\/\/www.la-boutique-ephemere.com\/2013-2\/\"><span style=\"color: #000000;\">&lt;&lt; 2013<\/span><\/a><\/p>\n<p style=\"text-align: center;\"><span style=\"color: #000000;\">_<\/span><\/p>\n<p style=\"text-align: center;\"><a href=\"http:\/\/www.la-boutique-ephemere.com\/2012-2\/\"><span style=\"color: #000000;\">&lt;&lt; 2012<\/span><\/a><\/p>\n<p style=\"text-align: center;\"><span style=\"color: #000000;\">_<\/span><\/p>\n<p style=\"text-align: center;\"><a href=\"http:\/\/www.la-boutique-ephemere.com\/2011-2\/\"><span style=\"color: #000000;\">&lt;&lt; 2011<\/span><\/a><\/p>\n<p style=\"text-align: center;\"><span style=\"color: #000000;\">&#8211;<\/span><\/p>\n<p style=\"text-align: center;\">&#8211;<\/p>\n<p style=\"text-align: center;\">&#8211;<\/p>\n<p>[\/vc_column_text][\/vc_column_inner][\/vc_row_inner][\/vc_column][\/vc_row]<\/p>\n","protected":false},"excerpt":{"rendered":"<p>[vc_row css_animation=\u00a0\u00bb\u00a0\u00bb row_type=\u00a0\u00bbrow\u00a0\u00bb use_row_as_full_screen_section=\u00a0\u00bbno\u00a0\u00bb type=\u00a0\u00bbfull_width\u00a0\u00bb angled_section=\u00a0\u00bbno\u00a0\u00bb text_align=\u00a0\u00bbleft\u00a0\u00bb background_image_as_pattern=\u00a0\u00bbwithout_pattern\u00a0\u00bb][vc_column][vc_column_text css=\u00a0\u00bb.vc_custom_1641352231585{background-color: #ddbe90 !important;}\u00a0\u00bb] # VENTES PHYSIQUES DE LA BOUTIQUE \u00c9PH\u00c9M\u00c8RE # \u00a0Retrouvez les cr\u00e9ateurs qui ont particip\u00e9 \u00e0 nos \u00e9v\u00e8nements depuis 2011 \u00e0 Paris, dans le Marais. [\/vc_column_text][\/vc_column][\/vc_row][vc_row css_animation=\u00a0\u00bb\u00a0\u00bb row_type=\u00a0\u00bbrow\u00a0\u00bb use_row_as_full_screen_section=\u00a0\u00bbno\u00a0\u00bb type=\u00a0\u00bbfull_width\u00a0\u00bb angled_section=\u00a0\u00bbno\u00a0\u00bb text_align=\u00a0\u00bbleft\u00a0\u00bb background_image_as_pattern=\u00a0\u00bbwithout_pattern\u00a0\u00bb][vc_column][vc_empty_space][\/vc_column][\/vc_row][vc_row css_animation=\u00a0\u00bb\u00a0\u00bb row_type=\u00a0\u00bbrow\u00a0\u00bb&#8230;<\/p>\n","protected":false},"author":1,"featured_media":0,"parent":0,"menu_order":0,"comment_status":"closed","ping_status":"open","template":"","meta":[],"categories":[],"tags":[],"_links":{"self":[{"href":"https:\/\/ephemere.marthelazarus.com\/index.php?rest_route=\/wp\/v2\/pages\/2924"}],"collection":[{"href":"https:\/\/ephemere.marthelazarus.com\/index.php?rest_route=\/wp\/v2\/pages"}],"about":[{"href":"https:\/\/ephemere.marthelazarus.com\/index.php?rest_route=\/wp\/v2\/types\/page"}],"author":[{"embeddable":true,"href":"https:\/\/ephemere.marthelazarus.com\/index.php?rest_route=\/wp\/v2\/users\/1"}],"replies":[{"embeddable":true,"href":"https:\/\/ephemere.marthelazarus.com\/index.php?rest_route=%2Fwp%2Fv2%2Fcomments&post=2924"}],"version-history":[{"count":70,"href":"https:\/\/ephemere.marthelazarus.com\/index.php?rest_route=\/wp\/v2\/pages\/2924\/revisions"}],"predecessor-version":[{"id":20576,"href":"https:\/\/ephemere.marthelazarus.com\/index.php?rest_route=\/wp\/v2\/pages\/2924\/revisions\/20576"}],"wp:attachment":[{"href":"https:\/\/ephemere.marthelazarus.com\/index.php?rest_route=%2Fwp%2Fv2%2Fmedia&parent=2924"}],"wp:term":[{"taxonomy":"category","embeddable":true,"href":"https:\/\/ephemere.marthelazarus.com\/index.php?rest_route=%2Fwp%2Fv2%2Fcategories&post=2924"},{"taxonomy":"post_tag","embeddable":true,"href":"https:\/\/ephemere.marthelazarus.com\/index.php?rest_route=%2Fwp%2Fv2%2Ftags&post=2924"}],"curies":[{"name":"wp","href":"https:\/\/api.w.org\/{rel}","templated":true}]}}