{"id":18189,"date":"2017-06-28T12:46:14","date_gmt":"2017-06-28T10:46:14","guid":{"rendered":"http:\/\/www.la-boutique-ephemere.com\/?page_id=18189"},"modified":"2018-06-04T18:37:28","modified_gmt":"2018-06-04T16:37:28","slug":"waw","status":"publish","type":"page","link":"https:\/\/ephemere.marthelazarus.com\/?page_id=18189","title":{"rendered":"waw"},"content":{"rendered":"<p>[vc_row css_animation=\u00a0\u00bb\u00a0\u00bb row_type=\u00a0\u00bbrow\u00a0\u00bb use_row_as_full_screen_section=\u00a0\u00bbno\u00a0\u00bb type=\u00a0\u00bbfull_width\u00a0\u00bb angled_section=\u00a0\u00bbno\u00a0\u00bb text_align=\u00a0\u00bbleft\u00a0\u00bb background_image_as_pattern=\u00a0\u00bbwithout_pattern\u00a0\u00bb css=\u00a0\u00bb.vc_custom_1498641822321{margin-right: 30px !important;margin-left: 0px !important;border-top-width: 0px !important;border-right-width: 0px !important;border-bottom-width: 0px !important;border-left-width: 0px !important;padding-top: 0px !important;padding-right: 0px !important;padding-bottom: 0px !important;padding-left: 0px !important;border-left-color: #000000 !important;border-left-style: dotted !important;border-right-color: #000000 !important;border-right-style: dotted !important;border-top-color: #000000 !important;border-top-style: dotted !important;border-bottom-color: #000000 !important;border-bottom-style: dotted !important;}\u00a0\u00bb][vc_column][vc_column_text el_class=\u00a0\u00bbgros_titre\u00a0\u00bb]<\/p>\n<h1>WAW<\/h1>\n<p>[\/vc_column_text][vc_empty_space height=\u00a0\u00bb150px\u00a0\u00bb][vc_single_image image=\u00a0\u00bb18207&Prime; img_size=\u00a0\u00bb500&#215;500&Prime; qode_css_animation=\u00a0\u00bb\u00a0\u00bb][\/vc_column][\/vc_row][vc_row css_animation=\u00a0\u00bb\u00a0\u00bb row_type=\u00a0\u00bbrow\u00a0\u00bb use_row_as_full_screen_section=\u00a0\u00bbno\u00a0\u00bb type=\u00a0\u00bbfull_width\u00a0\u00bb angled_section=\u00a0\u00bbno\u00a0\u00bb text_align=\u00a0\u00bbleft\u00a0\u00bb background_image_as_pattern=\u00a0\u00bbwithout_pattern\u00a0\u00bb css=\u00a0\u00bb.vc_custom_1497616077067{margin-right: 10px !important;margin-left: 10px !important;border-top-width: 5px !important;border-right-width: 5px !important;border-bottom-width: 5px !important;border-left-width: 5px !important;border-left-color: #000000 !important;border-left-style: dashed !important;border-right-color: #000000 !important;border-right-style: dashed !important;border-top-color: #000000 !important;border-top-style: dashed !important;border-bottom-color: #000000 !important;border-bottom-style: dashed !important;border-radius: 5px !important;}\u00a0\u00bb][vc_column][vc_empty_space][vc_column_text el_class=\u00a0\u00bbayuthaya\u00a0\u00bb]Bas\u00e9e \u00e0 Paris, Chlo\u00e9\u00a0Wawrzyniak cr\u00e9atrice de WAW participe r\u00e9guli\u00e8rement \u00e0 La Boutique Eph\u00e9m\u00e8re # depuis 2015. Nous l&rsquo;avons interview\u00e9e en juin 2017 dans son joli atelier aux Petites Serres dans le 5e arrondissement de Paris. photos : Marthe Lazarus.[\/vc_column_text][vc_empty_space][\/vc_column][\/vc_row][vc_row css_animation=\u00a0\u00bb\u00a0\u00bb row_type=\u00a0\u00bbrow\u00a0\u00bb use_row_as_full_screen_section=\u00a0\u00bbno\u00a0\u00bb type=\u00a0\u00bbfull_width\u00a0\u00bb angled_section=\u00a0\u00bbno\u00a0\u00bb text_align=\u00a0\u00bbleft\u00a0\u00bb background_image_as_pattern=\u00a0\u00bbwithout_pattern\u00a0\u00bb css=\u00a0\u00bb.vc_custom_1497616985858{padding-right: 30px !important;padding-left: 30px !important;}\u00a0\u00bb][vc_column css=\u00a0\u00bb.vc_custom_1497617082431{padding-right: 30px !important;padding-left: 30px !important;}\u00a0\u00bb][vc_empty_space][vc_empty_space][vc_column_text el_class=\u00a0\u00bbayuthaya\u00a0\u00bb]<strong>&#8211; Tu as cr\u00e9\u00e9 ta marque il y a quelques ann\u00e9es maintenant.. quel a \u00e9t\u00e9 ton parcours avant ? qu\u2019est-ce qui t\u2019a men\u00e9 \u00e0 passer le cap ?<\/strong><\/p>\n<p>J\u2019ai une formation d\u2019architecte. J\u2019ai travaill\u00e9 pendant sept ans en agence d&rsquo;architecture \u00e0 Paris sur des projets de logements et d\u2019\u00e9quipements publics. C\u2019est un m\u00e9tier que j\u2019aime \u00e9norm\u00e9ment mais la passion des chapeaux m\u2019a rattrap\u00e9e.<br \/>\nLes chapeaux sont dans ma vie depuis toute petite. D\u2019abord, ceux de mon arri\u00e8re-grand-m\u00e8re, dans une malle au grenier. De vrais tr\u00e9sors pour moi. Puis pendant mes ann\u00e9es coll\u00e8ge, j\u2019avais un chapeau que je portais tous les hivers, je l\u2019ai m\u00eame eu en deux exemplaires. Ca m\u2019a pas mal catalogu\u00e9, j\u2019\u00e9tais d\u00e9j\u00e0 miss chapeau \u00e0 l\u2018\u00e9poque.<br \/>\nJ\u2019ai toujours fabriqu\u00e9 des tas de trucs mais les chapeaux sont venus assez tard finalement. A la fin de mes \u00e9tudes, une amie voulait un bibi pour aller \u00e0 un mariage mais n\u2019avait pas les moyens de s\u2019en acheter un. Donc je lui ai fait. Ca me semblait \u00e9vident. C\u2019est comme \u00e7a que tout a commenc\u00e9. J\u2019ai appris sur le tas, petit \u00e0 petit, en cherchant les informations \u00e0 droite \u00e0 gauche puis en prenant des cours chez une modiste. Jusqu\u2019\u00e0 quitter mon travail en agence pour suivre une formation d\u2019un an en chapellerie \u00e0 Nogent sur Marne.<\/p>\n<p>[\/vc_column_text][vc_single_image image=\u00a0\u00bb18206&Prime; img_size=\u00a0\u00bblarge\u00a0\u00bb qode_css_animation=\u00a0\u00bb\u00a0\u00bb][\/vc_column][\/vc_row][vc_row css_animation=\u00a0\u00bb\u00a0\u00bb row_type=\u00a0\u00bbrow\u00a0\u00bb use_row_as_full_screen_section=\u00a0\u00bbno\u00a0\u00bb type=\u00a0\u00bbfull_width\u00a0\u00bb angled_section=\u00a0\u00bbno\u00a0\u00bb text_align=\u00a0\u00bbleft\u00a0\u00bb background_image_as_pattern=\u00a0\u00bbwithout_pattern\u00a0\u00bb][vc_column][vc_column_text el_class=\u00a0\u00bbayuthaya\u00a0\u00bb]<strong>&#8211; Peux-tu nous parler de ton savoir faire ? de ta fabrication ? des \u00e9tapes de ton travail ?<\/strong><\/p>\n<p>Ce que j\u2019aime avec les chapeaux, c\u2019est qu\u2019il y a plein de mati\u00e8res et de techniques diff\u00e9rentes, mais l\u2019\u00e9tape principale, c\u2019est le moulage. C\u2019est le moment o\u00f9 le chapeaux prend forme. Que ce soit en paille ou en feutre, il faut tendre la mati\u00e8re sur un moule en bois et la fixer avec des argentines, sortes de grosses \u00e9pingles, que l\u2019on cloue dans dans le bois \u00e0 travers la mati\u00e8re. L\u00e0, il faut attendre que \u00e7a s\u00e8che avant de pouvoir tout retirer et d\u00e9mouler son chapeau. Selon la forme ce n\u2019est pas toujours si facile ! Ensuite vient le temps de couper l\u2019exc\u00e9dent de mati\u00e8re, border, assembler, poser le gros grain int\u00e9rieur et enfin d\u00e9corer le chapeau.[\/vc_column_text][\/vc_column][\/vc_row][vc_row css_animation=\u00a0\u00bb\u00a0\u00bb row_type=\u00a0\u00bbrow\u00a0\u00bb use_row_as_full_screen_section=\u00a0\u00bbno\u00a0\u00bb type=\u00a0\u00bbfull_width\u00a0\u00bb angled_section=\u00a0\u00bbno\u00a0\u00bb text_align=\u00a0\u00bbleft\u00a0\u00bb background_image_as_pattern=\u00a0\u00bbwithout_pattern\u00a0\u00bb][vc_column][vc_single_image image=\u00a0\u00bb18204&Prime; img_size=\u00a0\u00bblarge\u00a0\u00bb qode_css_animation=\u00a0\u00bb\u00a0\u00bb][\/vc_column][\/vc_row][vc_row css_animation=\u00a0\u00bb\u00a0\u00bb row_type=\u00a0\u00bbrow\u00a0\u00bb use_row_as_full_screen_section=\u00a0\u00bbno\u00a0\u00bb type=\u00a0\u00bbfull_width\u00a0\u00bb angled_section=\u00a0\u00bbno\u00a0\u00bb text_align=\u00a0\u00bbleft\u00a0\u00bb background_image_as_pattern=\u00a0\u00bbwithout_pattern\u00a0\u00bb][vc_column][vc_column_text el_class=\u00a0\u00bbayuthaya\u00a0\u00bb]<strong>&#8211; Beaucoup de personnes r\u00eavent de monter leur marque, de se lancer dans la cr\u00e9ation : comment \u00e7a s\u2019est pass\u00e9 pour toi ? peux-tu nous raconter ton meilleur et ton pire souvenir de tes tous d\u00e9buts ?<\/strong><\/p>\n<p>J\u2019ai beaucoup t\u00e2tonn\u00e9, cherch\u00e9. J\u2019avais tout \u00e0 apprendre.<br \/>\nJe pense que mon meilleur souvenir c\u2019est le lancement de mon site internet, \u00e7a marquait vraiment le d\u00e9but de l\u2019aventure. Ca m\u2019a permis de mettre en forme mon univers et de pouvoir le rendre public. Tout \u00e0 coup, \u00e7a n\u2019\u00e9tait plus seulement dans ma t\u00eate, c\u2019\u00e9tait visible.<br \/>\nLe pire souvenir c\u2019est plus difficile, disons que ce n\u2019est pas li\u00e9 \u00e0 un moment pr\u00e9cis, mais \u00e7a correspond aux questionnements, aux doutes et aux remises en question que l\u2019on a constamment. Est-ce que j\u2019ai fait le bon choix, est-ce que \u00e7a va marcher ? Et quand on se plante sur un sujet, comment trouver les solutions pour repartir autrement. Mais ce sont aussi ces d\u00e9fis qui motivent.<\/p>\n<p>[\/vc_column_text][vc_single_image image=\u00a0\u00bb18201&Prime; img_size=\u00a0\u00bblarge\u00a0\u00bb qode_css_animation=\u00a0\u00bb\u00a0\u00bb][\/vc_column][\/vc_row][vc_row css_animation=\u00a0\u00bb\u00a0\u00bb row_type=\u00a0\u00bbrow\u00a0\u00bb use_row_as_full_screen_section=\u00a0\u00bbno\u00a0\u00bb type=\u00a0\u00bbfull_width\u00a0\u00bb angled_section=\u00a0\u00bbno\u00a0\u00bb text_align=\u00a0\u00bbleft\u00a0\u00bb background_image_as_pattern=\u00a0\u00bbwithout_pattern\u00a0\u00bb][vc_column][vc_column_text el_class=\u00a0\u00bbayuthaya\u00a0\u00bb]<strong>&#8211; Quel conseil donnerais-tu \u00e0 quelqu\u2019un qui voudrait se lancer ?<\/strong><\/p>\n<p>Bien faire son business plan. Je suis une grande r\u00eaveuse, c\u2019est la partie la plus difficile pour moi !<br \/>\nEt aussi anticiper les investissements, \u00eatre rapide et r\u00e9actif pour saisir les bonnes opportunit\u00e9s.[\/vc_column_text][vc_single_image image=\u00a0\u00bb18194&Prime; img_size=\u00a0\u00bblarge\u00a0\u00bb qode_css_animation=\u00a0\u00bb\u00a0\u00bb][\/vc_column][\/vc_row][vc_row css_animation=\u00a0\u00bb\u00a0\u00bb row_type=\u00a0\u00bbrow\u00a0\u00bb use_row_as_full_screen_section=\u00a0\u00bbno\u00a0\u00bb type=\u00a0\u00bbfull_width\u00a0\u00bb angled_section=\u00a0\u00bbno\u00a0\u00bb text_align=\u00a0\u00bbleft\u00a0\u00bb background_image_as_pattern=\u00a0\u00bbwithout_pattern\u00a0\u00bb][vc_column][vc_column_text el_class=\u00a0\u00bbayuthaya\u00a0\u00bb]<strong>&#8211; Tu participes r\u00e9guli\u00e8rement \u00e0 des ventes \u00e9ph\u00e9m\u00e8res (la boutique \u00e9ph\u00e9m\u00e8re # et d\u2019autres ventes ) : que t\u2019apporte ce syst\u00e8me de ventes ? penses-tu ouvrir une boutique un jour ? seule ou avec d\u2019autres cr\u00e9atrices ?<\/strong><\/p>\n<p>Les ventes \u00e9ph\u00e9m\u00e8res me permettent de rencontrer le public, de pouvoir \u00e9changer, d\u2019avoir un retour direct sur mes cr\u00e9ations. Internet c\u2019est bien mais les gens aiment aussi pouvoir voir, toucher, essayer. C\u2019est pour \u00e7a qu\u2019il faut des moments comme ceux-l\u00e0.<br \/>\nOuvrir une boutique, oui c\u2019est un objectif mais ce n\u2019est pas pour tout de suite. Avec d\u2019autres cr\u00e9atrices (ou cr\u00e9ateurs !) oui c\u2019est tr\u00e8s tentant. C\u2019est toujours stimulant de travailler \u00e0 plusieurs et de pouvoir s\u2019\u00e9pauler.<\/p>\n<p>[\/vc_column_text][vc_single_image image=\u00a0\u00bb18190&Prime; img_size=\u00a0\u00bblarge\u00a0\u00bb qode_css_animation=\u00a0\u00bb\u00a0\u00bb][\/vc_column][\/vc_row][vc_row css_animation=\u00a0\u00bb\u00a0\u00bb row_type=\u00a0\u00bbrow\u00a0\u00bb use_row_as_full_screen_section=\u00a0\u00bbno\u00a0\u00bb type=\u00a0\u00bbfull_width\u00a0\u00bb angled_section=\u00a0\u00bbno\u00a0\u00bb text_align=\u00a0\u00bbleft\u00a0\u00bb background_image_as_pattern=\u00a0\u00bbwithout_pattern\u00a0\u00bb][vc_column][vc_column_text el_class=\u00a0\u00bbayuthaya\u00a0\u00bb]<strong>&#8211; Tu vends en ligne \u00e9galement : comment \u00e7a se passe avec tes client(e)s en ligne ? en france ? partout ? te passent-ils(elles) des commandes sp\u00e9ciales etc ?<\/strong><\/p>\n<p>Je vends en ligne sur Etsy. J\u2019ai un site \u00e0 moi, mais la vente passe par le biais de la plateforme Etsy.<br \/>\nAvec les client(e)s en ligne c\u2019est assez simple finalement. Ils passent commande et j&rsquo;exp\u00e9die. Pour les commandes sp\u00e9ciales, on \u00e9change par mail, on s\u2019explique, on s\u2019envoie des photos, on se met d\u2019accord et c\u2019est parti !<br \/>\nJe vends surtout en France mais j\u2019ai d\u00e9j\u00e0 exp\u00e9di\u00e9 des colis au USA ou en Australie. La poste rend parfois la vie un peu compliqu\u00e9e mais tant qu\u2019on reste disponible pour ses clients, \u00e7a se passe bien.<\/p>\n<p>[\/vc_column_text][\/vc_column][\/vc_row][vc_row css_animation=\u00a0\u00bb\u00a0\u00bb row_type=\u00a0\u00bbrow\u00a0\u00bb use_row_as_full_screen_section=\u00a0\u00bbno\u00a0\u00bb type=\u00a0\u00bbfull_width\u00a0\u00bb angled_section=\u00a0\u00bbno\u00a0\u00bb text_align=\u00a0\u00bbleft\u00a0\u00bb background_image_as_pattern=\u00a0\u00bbwithout_pattern\u00a0\u00bb][vc_column][vc_column_text el_class=\u00a0\u00bbayuthaya\u00a0\u00bb]<strong>&#8211; Que peut-on te souhaiter pour les ann\u00e9es qui viennent ?<\/strong><\/p>\n<p>De pouvoir continuer l\u2019aventure ![\/vc_column_text][\/vc_column][\/vc_row][vc_row css_animation=\u00a0\u00bb\u00a0\u00bb row_type=\u00a0\u00bbrow\u00a0\u00bb use_row_as_full_screen_section=\u00a0\u00bbno\u00a0\u00bb type=\u00a0\u00bbfull_width\u00a0\u00bb angled_section=\u00a0\u00bbno\u00a0\u00bb text_align=\u00a0\u00bbleft\u00a0\u00bb background_image_as_pattern=\u00a0\u00bbwithout_pattern\u00a0\u00bb][vc_column][vc_empty_space][\/vc_column][\/vc_row][vc_row css_animation=\u00a0\u00bb\u00a0\u00bb row_type=\u00a0\u00bbrow\u00a0\u00bb use_row_as_full_screen_section=\u00a0\u00bbno\u00a0\u00bb type=\u00a0\u00bbfull_width\u00a0\u00bb angled_section=\u00a0\u00bbno\u00a0\u00bb text_align=\u00a0\u00bbleft\u00a0\u00bb background_image_as_pattern=\u00a0\u00bbwithout_pattern\u00a0\u00bb css=\u00a0\u00bb.vc_custom_1497616077067{margin-right: 10px !important;margin-left: 10px !important;border-top-width: 5px !important;border-right-width: 5px !important;border-bottom-width: 5px !important;border-left-width: 5px !important;border-left-color: #000000 !important;border-left-style: dashed !important;border-right-color: #000000 !important;border-right-style: dashed !important;border-top-color: #000000 !important;border-top-style: dashed !important;border-bottom-color: #000000 !important;border-bottom-style: dashed !important;border-radius: 5px !important;}\u00a0\u00bb][vc_column][vc_empty_space][vc_column_text el_class=\u00a0\u00bbayuthaya\u00a0\u00bb]Vous pourrez retrouver r\u00e9guli\u00e8rement WAW \u00e0 La Boutique Eph\u00e9m\u00e8re # en 2017.<\/p>\n<p><a href=\"http:\/\/www.waw.paris\">www.waw.paris<\/a><\/p>\n<p>Plus d&rsquo;articles du magazine : <a href=\"http:\/\/www.la-boutique-ephemere.com\/magazine\/\">ici<\/a>[\/vc_column_text][vc_empty_space][\/vc_column][\/vc_row]<\/p>\n","protected":false},"excerpt":{"rendered":"<p>[vc_row css_animation=\u00a0\u00bb\u00a0\u00bb row_type=\u00a0\u00bbrow\u00a0\u00bb use_row_as_full_screen_section=\u00a0\u00bbno\u00a0\u00bb type=\u00a0\u00bbfull_width\u00a0\u00bb angled_section=\u00a0\u00bbno\u00a0\u00bb text_align=\u00a0\u00bbleft\u00a0\u00bb background_image_as_pattern=\u00a0\u00bbwithout_pattern\u00a0\u00bb css=\u00a0\u00bb.vc_custom_1498641822321{margin-right: 30px !important;margin-left: 0px !important;border-top-width: 0px !important;border-right-width: 0px !important;border-bottom-width: 0px !important;border-left-width: 0px !important;padding-top: 0px !important;padding-right: 0px !important;padding-bottom: 0px !important;padding-left: 0px !important;border-left-color: #000000 !important;border-left-style: dotted !important;border-right-color: #000000 !important;border-right-style: dotted !important;border-top-color: #000000 !important;border-top-style: dotted !important;border-bottom-color: #000000 !important;border-bottom-style: dotted !important;}\u00a0\u00bb][vc_column][vc_column_text&#8230;<\/p>\n","protected":false},"author":1,"featured_media":18200,"parent":0,"menu_order":0,"comment_status":"closed","ping_status":"closed","template":"","meta":[],"categories":[333,335],"tags":[],"_links":{"self":[{"href":"https:\/\/ephemere.marthelazarus.com\/index.php?rest_route=\/wp\/v2\/pages\/18189"}],"collection":[{"href":"https:\/\/ephemere.marthelazarus.com\/index.php?rest_route=\/wp\/v2\/pages"}],"about":[{"href":"https:\/\/ephemere.marthelazarus.com\/index.php?rest_route=\/wp\/v2\/types\/page"}],"author":[{"embeddable":true,"href":"https:\/\/ephemere.marthelazarus.com\/index.php?rest_route=\/wp\/v2\/users\/1"}],"replies":[{"embeddable":true,"href":"https:\/\/ephemere.marthelazarus.com\/index.php?rest_route=%2Fwp%2Fv2%2Fcomments&post=18189"}],"version-history":[{"count":10,"href":"https:\/\/ephemere.marthelazarus.com\/index.php?rest_route=\/wp\/v2\/pages\/18189\/revisions"}],"predecessor-version":[{"id":19130,"href":"https:\/\/ephemere.marthelazarus.com\/index.php?rest_route=\/wp\/v2\/pages\/18189\/revisions\/19130"}],"wp:featuredmedia":[{"embeddable":true,"href":"https:\/\/ephemere.marthelazarus.com\/index.php?rest_route=\/wp\/v2\/media\/18200"}],"wp:attachment":[{"href":"https:\/\/ephemere.marthelazarus.com\/index.php?rest_route=%2Fwp%2Fv2%2Fmedia&parent=18189"}],"wp:term":[{"taxonomy":"category","embeddable":true,"href":"https:\/\/ephemere.marthelazarus.com\/index.php?rest_route=%2Fwp%2Fv2%2Fcategories&post=18189"},{"taxonomy":"post_tag","embeddable":true,"href":"https:\/\/ephemere.marthelazarus.com\/index.php?rest_route=%2Fwp%2Fv2%2Ftags&post=18189"}],"curies":[{"name":"wp","href":"https:\/\/api.w.org\/{rel}","templated":true}]}}