{"id":15443,"date":"2016-10-05T13:15:37","date_gmt":"2016-10-05T11:15:37","guid":{"rendered":"http:\/\/futur.la-boutique-ephemere.com\/?page_id=15443"},"modified":"2022-02-06T10:17:18","modified_gmt":"2022-02-06T09:17:18","slug":"2011-2","status":"publish","type":"page","link":"https:\/\/ephemere.marthelazarus.com\/?page_id=15443","title":{"rendered":"2011"},"content":{"rendered":"<div class=\"entry-content\">\n<div>\n<section id=\"primary\">\n<div id=\"content\">\n<article id=\"post-775\" class=\"post-775 post type-post status-publish format-standard hentry category-marques-presentees\">\n<div class=\"entry-content\">\n<p>&nbsp;<\/p>\n<p style=\"text-align: center;\"><span style=\"color: #000000;\"><strong><img loading=\"lazy\" class=\"alignnone size-medium wp-image-20497\" src=\"https:\/\/www.la-boutique-ephemere.com\/wp-content\/uploads\/2022\/02\/afficheBE4-300x205.jpg\" alt=\"\" width=\"300\" height=\"205\" srcset=\"https:\/\/ephemere.marthelazarus.com\/wp-content\/uploads\/2022\/02\/afficheBE4-300x205.jpg 300w, https:\/\/ephemere.marthelazarus.com\/wp-content\/uploads\/2022\/02\/afficheBE4-1024x701.jpg 1024w, https:\/\/ephemere.marthelazarus.com\/wp-content\/uploads\/2022\/02\/afficheBE4-178x122.jpg 178w, https:\/\/ephemere.marthelazarus.com\/wp-content\/uploads\/2022\/02\/afficheBE4-768x525.jpg 768w, https:\/\/ephemere.marthelazarus.com\/wp-content\/uploads\/2022\/02\/afficheBE4-1536x1051.jpg 1536w, https:\/\/ephemere.marthelazarus.com\/wp-content\/uploads\/2022\/02\/afficheBE4-2048x1401.jpg 2048w, https:\/\/ephemere.marthelazarus.com\/wp-content\/uploads\/2022\/02\/afficheBE4-700x479.jpg 700w\" sizes=\"(max-width: 300px) 100vw, 300px\" \/><\/strong><\/span><\/p>\n<p style=\"text-align: center;\"><span style=\"color: #000000;\"><strong>Cr\u00e9ateurs pr\u00e9sents \u00e0 la Boutique Eph\u00e9m\u00e8re #4 \/<\/strong><\/span><\/p>\n<p style=\"text-align: center;\"><span style=\"color: #000000;\"><strong>Sp\u00e9cial cadeaux de No\u00ebl \/ 17 d\u00e9cembre 2011 \/ Galerie Joseph 7 rue Froissart Paris 3<\/strong><\/span><\/p>\n<p style=\"text-align: center;\"><span style=\"color: #000000;\"><strong>&#8211; Mode homme &amp; femme &amp; enfants \u2013<br \/>\n<\/strong><a style=\"color: #000000;\" href=\"http:\/\/www.duettedesign.com\">Duette<\/a><\/span><br \/>\n<span style=\"color: #000000;\"> <a style=\"color: #000000;\" href=\"http:\/\/www.bonanavanmil.com\">Bonana Van Mil<\/a><\/span><br \/>\n<span style=\"color: #000000;\"> <a style=\"color: #000000;\" href=\"http:\/\/www.gluckfactory.eu\">Gl\u00fcck<\/a><\/span><br \/>\n<span style=\"color: #000000;\"> <a style=\"color: #000000;\" href=\"http:\/\/mamamushi.tumblr.com\">Mamamushi<\/a><\/span><br \/>\n<span style=\"color: #000000;\"> <a style=\"color: #000000;\" href=\"http:\/\/www.nomadeinchina.fr\">No Made In China<\/a><\/span><br \/>\n<span style=\"color: #000000;\"> <a style=\"color: #000000;\" href=\"http:\/\/www.pon-pon.fr\">Pon Pon<\/a><\/span><br \/>\n<span style=\"color: #000000;\"> <a style=\"color: #000000;\" href=\"http:\/\/blog.jeannelefrancois.com\">Jeanne Lefran\u00e7ois<\/a><\/span><br \/>\n<span style=\"color: #000000;\"> <a style=\"color: #000000;\" href=\"http:\/\/www.laboutiquedefernande.com\">La Boutique de Fernande<\/a><\/span><br \/>\n<span style=\"color: #000000;\"> <a style=\"color: #000000;\" href=\"http:\/\/www.benfakto.com\">Ben &amp; Fakto<\/a><\/span><br \/>\n<span style=\"color: #000000;\"> <a style=\"color: #000000;\" href=\"http:\/\/www.emiliecasiez.com\">Emilie Casiez<\/a><\/span><\/p>\n<p style=\"text-align: center;\"><span style=\"color: #000000;\"><strong>&#8211; Bijoux &#8211;<\/strong><\/span><br \/>\n<span style=\"color: #000000;\"> <a style=\"color: #000000;\" href=\"http:\/\/www.alphabeta.fr\">Alphabeta<\/a><\/span><br \/>\n<span style=\"color: #000000;\"> <a style=\"color: #000000;\" href=\"http:\/\/www.clemencecabanes.com\">Cl\u00e9mence Cabanes<\/a><\/span><br \/>\n<span style=\"color: #000000;\"> <a style=\"color: #000000;\" href=\"http:\/\/www.sowat-paris.com\">So Wat <\/a><\/span><br \/>\n<span style=\"color: #000000;\"> <a style=\"color: #000000;\" href=\"http:\/\/www.happer-edit.com\">Happer<\/a><\/span><br \/>\n<span style=\"color: #000000;\"> <a style=\"color: #000000;\" href=\"http:\/\/www.lespetitesyaya.com\">Les Petites Yaya<\/a><\/span><br \/>\n<span style=\"color: #000000;\"> <a style=\"color: #000000;\" href=\"http:\/\/www.wundertute.com\">Wundertute<\/a><\/span><br \/>\n<span style=\"color: #000000;\"> <a style=\"color: #000000;\" href=\"http:\/\/www.chiendefusil.com\">R\u00e9becca Mafille<\/a><\/span><br \/>\n<span style=\"color: #000000;\"> <a style=\"color: #000000;\" href=\"http:\/\/www.loligami.wordpress.com\">Loligami<\/a><\/span><br \/>\n<span style=\"color: #000000;\"> <a style=\"color: #000000;\" href=\"http:\/\/www.noshishop.com\">Noshi Shop<\/a><\/span><br \/>\n<span style=\"color: #000000;\"> <a style=\"color: #000000;\" href=\"http:\/\/www.pet.tumblr.com\/page\/3\/\">P\/E\/T<\/a><\/span><\/p>\n<p style=\"text-align: center;\"><span style=\"color: #000000;\"><strong>&#8211; Accessoires &#8211;<\/strong><\/span><br \/>\n<span style=\"color: #000000;\"> <a style=\"color: #000000;\" href=\"http:\/\/www.aconitnapel.com\">Aconit Napel<\/a><\/span><br \/>\n<span style=\"color: #000000;\"> <a style=\"color: #000000;\" href=\"http:\/\/www.alittlemarket.com\/boutique\/labaita-3897.html\">La Ba\u00efta<\/a><\/span><br \/>\n<span style=\"color: #000000;\"> <a style=\"color: #000000;\" href=\"http:\/\/www.bollywoodbazzar.fr\/#Home.A\">Bollywood Bazzar <\/a><\/span><\/p>\n<p style=\"text-align: center;\"><span style=\"color: #000000;\"><strong>&#8211; Objets adultes &amp; enfants &#8211;<\/strong><\/span><br \/>\n<span style=\"color: #000000;\"> <a style=\"color: #000000;\" href=\"http:\/\/www.celinesaby.com\/celinesaby\/Bienvenue.html\">C\u00e9line Saby<\/a><\/span><br \/>\n<span style=\"color: #000000;\"> <a style=\"color: #000000;\" href=\"http:\/\/http:\/\/coussinbonhome.blogspot.com\">Coussin Bon Home<\/a><\/span><br \/>\n<span style=\"color: #000000;\"> <a style=\"color: #000000;\" href=\"http:\/\/fricadellefabric.tumblr.com\">Fricadelle Fabric<\/a><\/span><\/p>\n<p style=\"text-align: center;\"><span style=\"color: #000000;\"><strong>&#8211; Vintage &#8211;<\/strong><\/span><br \/>\n<span style=\"color: #000000;\"> <a style=\"color: #000000;\" href=\"http:\/\/www.marthelazaruscollection.com\">Marthe Lazarus Collection<\/a><\/span><br \/>\n<span style=\"color: #000000;\"> <a style=\"color: #000000;\" href=\"http:\/\/www.anetvintageclub.tumblr.com\">Anet Vintage Club<\/a><\/span><\/p>\n<p style=\"text-align: center;\"><span style=\"color: #000000;\"><strong>&#8211; Disques \u2013 Livres \u2013 DVD \u2013 papeterie &#8211;<\/strong><\/span><br \/>\n<span style=\"color: #000000;\"> <a style=\"color: #000000;\" href=\"http:\/\/www.editions-allia.com\">Editions Allia<\/a><\/span><br \/>\n<span style=\"color: #000000;\"> DDD<\/span><br \/>\n<span style=\"color: #000000;\"> <a style=\"color: #000000;\" href=\"http:\/\/www.lavieestbellefilms.fr\/\">La Vie Est Belle<\/a><\/span><br \/>\n<span style=\"color: #000000;\"> Cl\u00e9mentine &amp; ses carnets<\/span><\/p>\n<p style=\"text-align: center;\"><span style=\"color: #000000;\">MUSIQUE :<\/span><\/p>\n<p style=\"text-align: center;\"><span style=\"color: #000000;\">Nicolas Ker \/\u00a0 Sol<\/span><\/p>\n<p style=\"text-align: center;\"><span style=\"color: #000000;\"><strong>***<\/strong><\/span><\/p>\n<p><strong><img loading=\"lazy\" class=\"size-medium wp-image-20496 aligncenter\" src=\"https:\/\/www.la-boutique-ephemere.com\/wp-content\/uploads\/2022\/02\/afficheBE3-300x213.jpg\" alt=\"\" width=\"300\" height=\"213\" srcset=\"https:\/\/ephemere.marthelazarus.com\/wp-content\/uploads\/2022\/02\/afficheBE3-300x213.jpg 300w, https:\/\/ephemere.marthelazarus.com\/wp-content\/uploads\/2022\/02\/afficheBE3-1024x728.jpg 1024w, https:\/\/ephemere.marthelazarus.com\/wp-content\/uploads\/2022\/02\/afficheBE3-178x126.jpg 178w, https:\/\/ephemere.marthelazarus.com\/wp-content\/uploads\/2022\/02\/afficheBE3-768x546.jpg 768w, https:\/\/ephemere.marthelazarus.com\/wp-content\/uploads\/2022\/02\/afficheBE3-1536x1091.jpg 1536w, https:\/\/ephemere.marthelazarus.com\/wp-content\/uploads\/2022\/02\/afficheBE3-2048x1455.jpg 2048w, https:\/\/ephemere.marthelazarus.com\/wp-content\/uploads\/2022\/02\/afficheBE3-700x497.jpg 700w\" sizes=\"(max-width: 300px) 100vw, 300px\" \/><\/strong><\/p>\n<p style=\"text-align: center;\"><span style=\"color: #000000;\"><strong>Cr\u00e9ateurs pr\u00e9sents \u00e0 la Boutique Eph\u00e9m\u00e8re #3 \/<\/strong><\/span><\/p>\n<p style=\"text-align: center;\"><span style=\"color: #000000;\"><strong>26 novembre 2011 \/ Galerie Joseph 7 rue Froissart Paris 3<\/strong><\/span><\/p>\n<p style=\"text-align: center;\"><span style=\"color: #000000;\"><strong>&#8211; Mode femme &amp; homme &#8211;<\/strong><\/span><br \/>\n<span style=\"color: #000000;\"> <a style=\"color: #000000;\" href=\"http:\/\/www.maisoncoudert.com\/\">Maison Coudert<\/a><\/span><br \/>\n<span style=\"color: #000000;\"> <a style=\"color: #000000;\" href=\"http:\/\/www.raphaellehlimi.com\/\">Raphaelle H\u2019Limi<\/a><\/span><br \/>\n<span style=\"color: #000000;\"> <a style=\"color: #000000;\" href=\"http:\/\/brittauschkamp.com\/\">Britta Uschkamp<\/a><\/span><br \/>\n<span style=\"color: #000000;\"> <a style=\"color: #000000;\" href=\"http:\/\/lebestiaire-paris.blogspot.com\/\">Le Bestiaire Pi\u00e8ces Uniques<\/a><\/span><br \/>\n<span style=\"color: #000000;\"> <a style=\"color: #000000;\" href=\"http:\/\/www.bonanavanmil.com\/\">Bonana Van Mil<\/a><\/span><br \/>\n<span style=\"color: #000000;\"> <a style=\"color: #000000;\" href=\"http:\/\/mamamushi.tumblr.com\/\">Mamamushi<\/a><\/span><br \/>\n<span style=\"color: #000000;\"> <a style=\"color: #000000;\" href=\"http:\/\/www.coltesse.com\/shop\/\">Coltesse<\/a><\/span><br \/>\n<span style=\"color: #000000;\"> <a style=\"color: #000000;\" href=\"http:\/\/www.duettedesign.com\/\">Duette<\/a><\/span><br \/>\n<span style=\"color: #000000;\"> <a style=\"color: #000000;\" href=\"http:\/\/www.milkandbeer.com\/\">Milk &amp; Beer<\/a><\/span><br \/>\n<span style=\"color: #000000;\"> <a style=\"color: #000000;\" href=\"http:\/\/www.gluckfactory.eu\/\">Gl\u00fcck<\/a><\/span><br \/>\n<span style=\"color: #000000;\"> <a style=\"color: #000000;\" href=\"http:\/\/nomadeinchina.fr\/\">No Made In China<\/a><\/span><br \/>\n<span style=\"color: #000000;\"> <a style=\"color: #000000;\" href=\"http:\/\/thenoonshop.bigcartel.com\/\">Noon<\/a><\/span><br \/>\n<span style=\"color: #000000;\"> <a style=\"color: #000000;\" href=\"http:\/\/www.pon-pon.fr\">Pon Pon<\/a><\/span><br \/>\n<span style=\"color: #000000;\"> <a style=\"color: #000000;\" href=\"http:\/\/www.iconepourpre.com\/\">Ic\u00f4ne pourpre<\/a><\/span><br \/>\n<span style=\"color: #000000;\"> <a style=\"color: #000000;\" href=\"http:\/\/www.amandalovevintage.fr\/#Home.A\">amanda love vintage<\/a><\/span><br \/>\n<span style=\"color: #000000;\"> <a style=\"color: #000000;\" href=\"http:\/\/mllegreneta.com\/\">Melle Greneta<\/a><\/span><br \/>\n<span style=\"color: #000000;\"> <a style=\"color: #000000;\" href=\"http:\/\/ambrafiorenza.tumblr.com\/\">Ambra<\/a><\/span><br \/>\n<span style=\"color: #000000;\"> <a style=\"color: #000000;\" href=\"http:\/\/www.felinshop.com\/\">F\u00e9lin<\/a><\/span><\/p>\n<p style=\"text-align: center;\"><span style=\"color: #000000;\"><strong>&#8211; Bijoux \u2013 <\/strong><\/span><br \/>\n<span style=\"color: #000000;\"> <a style=\"color: #000000;\" href=\"http:\/\/alphabeta.fr\/\">Alphabeta<\/a><\/span><br \/>\n<span style=\"color: #000000;\"> <a style=\"color: #000000;\" href=\"http:\/\/www.happer-edit.com\/\">Happer<\/a><\/span><br \/>\n<span style=\"color: #000000;\"> <a style=\"color: #000000;\" href=\"http:\/\/www.marthelazaruscollection.com\/\">Marthe Lazarus Collection\u00a0<\/a><\/span><br \/>\n<span style=\"color: #000000;\"> <a style=\"color: #000000;\" href=\"http:\/\/www.latonkinoiseaparis.com\/\">La Tonkinoise \u00e0 Paris<\/a><\/span><br \/>\n<span style=\"color: #000000;\"> <a style=\"color: #000000;\" href=\"http:\/\/www.kinanoe.com\/\">KinaNo\u00e9<\/a><a style=\"color: #000000;\" href=\"http:\/\/www.noshishop.com\/\"><br \/>\n<\/a><a style=\"color: #000000;\" href=\"http:\/\/lespetitesyaya.com\/\">Les Petites Yaya<\/a><\/span><br \/>\n<span style=\"color: #000000;\"> <a style=\"color: #000000;\" href=\"http:\/\/www.chiendefusil.com\">Rebecca Mafille<\/a><\/span><\/p>\n<p style=\"text-align: center;\"><span style=\"color: #000000;\"><strong>&#8211; accessoires &#8211;<\/strong><\/span><br \/>\n<span style=\"color: #000000;\"> <a style=\"color: #000000;\" href=\"http:\/\/www.jimmyfairly.com\/\">Jimmy Fairly<\/a><\/span><br \/>\n<span style=\"color: #000000;\"> <a style=\"color: #000000;\" href=\"http:\/\/www.kobja.com\/\">Kobja<\/a><\/span><br \/>\n<span style=\"color: #000000;\"> <a style=\"color: #000000;\" href=\"http:\/\/www.alittlemarket.com\/boutique\/labaita-3897.html\">La Baita<\/a><\/span><br \/>\n<span style=\"color: #000000;\"> <a style=\"color: #000000;\" href=\"http:\/\/www.aconitnapel.com\">Aconit Napel<\/a><\/span><br \/>\n<span style=\"color: #000000;\"> <a style=\"color: #000000;\" href=\"http:\/\/www.la-boutique-ephemere.com\/category\/marques-presentees\/www.bollywoodbazzar.fr\">Bollywood Bazzar<\/a><\/span><\/p>\n<p style=\"text-align: center;\"><span style=\"color: #000000;\"><strong>&#8211; e-shops &#8211;<\/strong><\/span><br \/>\n<span style=\"color: #000000;\"> <a style=\"color: #000000;\" href=\"http:\/\/www.baruckello.com\/\">Baruckello<\/a><\/span><br \/>\n<span style=\"color: #000000;\"> <a style=\"color: #000000;\" href=\"http:\/\/www.blitz-store.com\/\">Blitz store<\/a><\/span><\/p>\n<p style=\"text-align: center;\"><span style=\"color: #000000;\">MUSIQUE : <a style=\"color: #000000;\" href=\"http:\/\/intergeneration.free.fr\/\">Rose Le Cowboy<\/a><\/span><\/p>\n<p style=\"text-align: center;\"><span style=\"color: #000000;\"><strong>\u00a0***<\/strong><\/span><\/p>\n<p style=\"text-align: center;\"><span style=\"color: #000000;\"><strong><img loading=\"lazy\" class=\"size-medium wp-image-20499 aligncenter\" src=\"https:\/\/www.la-boutique-ephemere.com\/wp-content\/uploads\/2022\/02\/flyerB2-2011-300x212.gif\" alt=\"\" width=\"300\" height=\"212\" srcset=\"https:\/\/ephemere.marthelazarus.com\/wp-content\/uploads\/2022\/02\/flyerB2-2011-300x212.gif 300w, https:\/\/ephemere.marthelazarus.com\/wp-content\/uploads\/2022\/02\/flyerB2-2011-1024x722.gif 1024w, https:\/\/ephemere.marthelazarus.com\/wp-content\/uploads\/2022\/02\/flyerB2-2011-178x126.gif 178w, https:\/\/ephemere.marthelazarus.com\/wp-content\/uploads\/2022\/02\/flyerB2-2011-768x542.gif 768w, https:\/\/ephemere.marthelazarus.com\/wp-content\/uploads\/2022\/02\/flyerB2-2011-1536x1084.gif 1536w, https:\/\/ephemere.marthelazarus.com\/wp-content\/uploads\/2022\/02\/flyerB2-2011-700x494.gif 700w\" sizes=\"(max-width: 300px) 100vw, 300px\" \/>Cr\u00e9ateurs pr\u00e9sents \u00e0 la Boutique Eph\u00e9m\u00e8re #2 \/<\/strong><\/span><\/p>\n<p style=\"text-align: center;\"><span style=\"color: #000000;\"><strong>17 septembre 2011 \/ Galerie Joseph 7 rue Froissart Paris 3<\/strong><\/span><\/p>\n<p style=\"text-align: center;\"><span style=\"color: #000000;\">Maison Coudert<\/span><br \/>\n<span style=\"color: #000000;\"> Tata Christiane<\/span><br \/>\n<span style=\"color: #000000;\"> Mon Amour Vintage<\/span><br \/>\n<span style=\"color: #000000;\"> Mamamushi<\/span><br \/>\n<span style=\"color: #000000;\"> F\u00e9lin<\/span><br \/>\n<span style=\"color: #000000;\"> Duette<\/span><br \/>\n<span style=\"color: #000000;\"> Les Petites Yaya<\/span><br \/>\n<span style=\"color: #000000;\"> Marthe LazarusCollection<\/span><br \/>\n<span style=\"color: #000000;\"> La Boutique de Fernande<\/span><br \/>\n<span style=\"color: #000000;\"> Heidi\u2019s<\/span><br \/>\n<span style=\"color: #000000;\"> BB Vanities<\/span><br \/>\n<span style=\"color: #000000;\"> Le Bestiaire Pi\u00e8ces Uniques<\/span><br \/>\n<span style=\"color: #000000;\"> Jimmy Fairly<\/span><br \/>\n<span style=\"color: #000000;\"> Black Chapel<\/span><br \/>\n<span style=\"color: #000000;\"> No Made in China<\/span><br \/>\n<span style=\"color: #000000;\"> France Durez<\/span><br \/>\n<span style=\"color: #000000;\"> Emilie Casiez<\/span><br \/>\n<span style=\"color: #000000;\"> Ewka<\/span><br \/>\n<span style=\"color: #000000;\"> Aconit Napel<\/span><br \/>\n<span style=\"color: #000000;\"> La M\u00e8re des Soupirs<\/span><br \/>\n<span style=\"color: #000000;\"> R\u00e9becca Mafille<\/span><br \/>\n<span style=\"color: #000000;\"> Mexiarte<\/span><br \/>\n<span style=\"color: #000000;\"> Coltesse<\/span><br \/>\n<span style=\"color: #000000;\"> Bonana Van Mil<\/span><br \/>\n<span style=\"color: #000000;\"> Perle de Lait<\/span><br \/>\n<span style=\"color: #000000;\"> So Sweat<\/span><\/p>\n<p style=\"text-align: center;\"><span style=\"color: #000000;\">MUSIQUE :<\/span><\/p>\n<p style=\"text-align: center;\"><span style=\"color: #000000;\"><a style=\"color: #000000;\" href=\"http:\/\/www.myspace.com\/godsofvenus\">Gods Of Venus<\/a> (Ekleroshock) Maxence Cyrin &amp; Didier Perrin<\/span><\/p>\n<p style=\"text-align: center;\"><span style=\"color: #000000;\"><a style=\"color: #000000;\" href=\"http:\/\/www.myspace.com\/fesseelafessee\">Fess\u00e9e<\/a><\/span><\/p>\n<p style=\"text-align: center;\"><span style=\"color: #000000;\"><a style=\"color: #000000;\" href=\"http:\/\/www.myspace.com\/wearetmcn\">TMCN<\/a><\/span><\/p>\n<p style=\"text-align: center;\"><span style=\"color: #000000;\"><strong>***<\/strong><\/span><\/p>\n<p style=\"text-align: center;\"><span style=\"color: #000000;\"><strong>Cr\u00e9ateurs pr\u00e9sents \u00e0 la Boutique Eph\u00e9m\u00e8re #1 \/<\/strong><\/span><\/p>\n<p style=\"text-align: center;\"><span style=\"color: #000000;\"><strong>17-18 juin 2011 \/\u00a0 Galerie La petite poule noire \/ 12 bd des Filles du Calvaire Paris 3<\/strong><\/span><\/p>\n<p style=\"text-align: center;\"><span style=\"color: #000000;\">Maison Coudert<\/span><br \/>\n<span style=\"color: #000000;\"> Valentina Paleschnikova<\/span><br \/>\n<span style=\"color: #000000;\"> BB Vanities<\/span><br \/>\n<span style=\"color: #000000;\"> Mamamushi<\/span><br \/>\n<span style=\"color: #000000;\"> F\u00e9lin<\/span><br \/>\n<span style=\"color: #000000;\"> Gl\u00fcck<\/span><br \/>\n<span style=\"color: #000000;\"> Heid\u2019is<\/span><br \/>\n<span style=\"color: #000000;\"> Albane Kim<\/span><br \/>\n<span style=\"color: #000000;\"> R\u00e9becca Mafille<\/span><\/p>\n<p style=\"text-align: center;\"><span style=\"color: #000000;\">MUSIQUE :<\/span><\/p>\n<p style=\"text-align: center;\"><span style=\"color: #000000;\"><a style=\"color: #000000;\" href=\"http:\/\/www.myspace.com\/teyss\">Guillaume Teyssier<\/a> (Tigersushi Furs)<\/span><\/p>\n<p style=\"text-align: center;\"><span style=\"color: #000000;\"><a style=\"color: #000000;\" href=\"http:\/\/intergeneration.free.fr\/\">Rose Le Cowboy<\/a><\/span><\/p>\n<p style=\"text-align: center;\"><span style=\"color: #000000;\">***<\/span><\/p>\n<\/div>\n<footer class=\"entry-meta\"><\/footer>\n<\/article>\n<\/div>\n<\/section>\n<div id=\"secondary\" class=\"widget-area\"><\/div>\n<\/div>\n<\/div>\n","protected":false},"excerpt":{"rendered":"<p>&nbsp; Cr\u00e9ateurs pr\u00e9sents \u00e0 la Boutique Eph\u00e9m\u00e8re #4 \/ Sp\u00e9cial cadeaux de No\u00ebl \/ 17 d\u00e9cembre 2011 \/ Galerie Joseph 7 rue Froissart Paris 3 &#8211; Mode homme &amp; femme &amp; enfants \u2013 Duette Bonana Van Mil Gl\u00fcck Mamamushi No Made In China Pon Pon&#8230;<\/p>\n","protected":false},"author":3,"featured_media":0,"parent":0,"menu_order":0,"comment_status":"closed","ping_status":"closed","template":"","meta":[],"categories":[],"tags":[],"_links":{"self":[{"href":"https:\/\/ephemere.marthelazarus.com\/index.php?rest_route=\/wp\/v2\/pages\/15443"}],"collection":[{"href":"https:\/\/ephemere.marthelazarus.com\/index.php?rest_route=\/wp\/v2\/pages"}],"about":[{"href":"https:\/\/ephemere.marthelazarus.com\/index.php?rest_route=\/wp\/v2\/types\/page"}],"author":[{"embeddable":true,"href":"https:\/\/ephemere.marthelazarus.com\/index.php?rest_route=\/wp\/v2\/users\/3"}],"replies":[{"embeddable":true,"href":"https:\/\/ephemere.marthelazarus.com\/index.php?rest_route=%2Fwp%2Fv2%2Fcomments&post=15443"}],"version-history":[{"count":5,"href":"https:\/\/ephemere.marthelazarus.com\/index.php?rest_route=\/wp\/v2\/pages\/15443\/revisions"}],"predecessor-version":[{"id":20500,"href":"https:\/\/ephemere.marthelazarus.com\/index.php?rest_route=\/wp\/v2\/pages\/15443\/revisions\/20500"}],"wp:attachment":[{"href":"https:\/\/ephemere.marthelazarus.com\/index.php?rest_route=%2Fwp%2Fv2%2Fmedia&parent=15443"}],"wp:term":[{"taxonomy":"category","embeddable":true,"href":"https:\/\/ephemere.marthelazarus.com\/index.php?rest_route=%2Fwp%2Fv2%2Fcategories&post=15443"},{"taxonomy":"post_tag","embeddable":true,"href":"https:\/\/ephemere.marthelazarus.com\/index.php?rest_route=%2Fwp%2Fv2%2Ftags&post=15443"}],"curies":[{"name":"wp","href":"https:\/\/api.w.org\/{rel}","templated":true}]}}